{"id":39,"date":"2023-07-13T10:43:30","date_gmt":"2023-07-13T08:43:30","guid":{"rendered":"https:\/\/meblemagdrew.pl\/?page_id=39"},"modified":"2024-09-27T13:17:20","modified_gmt":"2024-09-27T11:17:20","slug":"kontakt","status":"publish","type":"page","link":"https:\/\/meblemagdrew.pl\/kontakt\/","title":{"rendered":"Kontakt"},"content":{"rendered":"<h1>ZR\u00d3BMY RAZEM CO\u015a<\/h1>\n<div>\n<p>52.39974462286473,22.018709250305804<\/p>\n<h3>W\u0119gr\u00f3w, Staszica 4<\/h3>\n<\/div>\n<ul>\n<li>\n<div>\n<p>Biuro projektowe<\/p>\n<\/div>\n<\/li>\n<li>\n<div>\n<p>ul. Staszica 4<\/p>\n<\/div>\n<\/li>\n<li>\n<div>\n<p>07-100 W\u0119gr\u00f3w<\/p>\n<\/div>\n<\/li>\n<\/ul>\n<ul>\n<li>\n<h3>Telephone<\/h3>\n<p><a href=\"tel:+5551234678\"><\/p>\n<p>724 589 344<\/p>\n<p><\/a><\/p>\n<\/li>\n<li>\n<h3>E-Mail<\/h3>\n<p>meble89@onet.pl<\/p>\n<\/li>\n<\/ul>\n<h2>Nasz zesp\u00f3\u0142 projektant\u00f3w<\/h2>\n<hr>\n<div>\n<p>        <img decoding=\"async\" src=\"\/wp-content\/uploads\/2023\/11\/logo-lekko-1.png\" alt=\"\"><\/p>\n<div>lekko<\/div>\n<p>Zesp\u00f3\u0142 projektant\u00f3w<\/p>\n<\/div>\n<p>\n    <a href=\"tel:+48724589344\">tel: 724 589 344<\/a>\n<\/p>\n<p><!--more--><br \/>\n<!-- {\"type\":\"layout\",\"children\":[{\"name\":\"Hero\",\"type\":\"section\",\"props\":{\"image_position\":\"center-center\",\"padding\":\"large\",\"style\":\"default\",\"title_breakpoint\":\"xl\",\"title_position\":\"top-left\",\"title_rotation\":\"left\",\"vertical_align\":\"\",\"width\":\"large\"},\"children\":[{\"type\":\"row\",\"children\":[{\"type\":\"column\",\"props\":{\"image_position\":\"center-center\",\"position_sticky_breakpoint\":\"m\",\"width_medium\":\"1-1\"},\"children\":[{\"type\":\"headline\",\"props\":{\"animation\":\"parallax\",\"content\":\"ZR\\u00d3BMY RAZEM CO\\u015a\",\"content_de_de\":\"LASST UNS GEMEINSAM ETWAS TUN\",\"content_en_us\":\"LET'S DO SOMETHING TOGETHER\",\"maxwidth\":\"2xlarge\",\"parallax_breakpoint\":\"m\",\"parallax_easing\":\"1\",\"parallax_y\":\"0,-50\",\"title_element\":\"h1\",\"title_style\":\"heading-medium\"}}]}]}]},{\"name\":\"Contact\",\"type\":\"section\",\"props\":{\"image_position\":\"center-center\",\"padding_remove_top\":true,\"style\":\"default\",\"title_breakpoint\":\"xl\",\"title_position\":\"top-left\",\"title_rotation\":\"left\",\"vertical_align\":\"\",\"width\":\"\"},\"children\":[{\"type\":\"row\",\"props\":{\"column_gap\":\"collapse\",\"layout\":\"2-3,1-3\",\"row_gap\":\"collapse\"},\"children\":[{\"type\":\"column\",\"props\":{\"image_position\":\"center-center\",\"position_sticky_breakpoint\":\"m\",\"width_large\":\"2-3\"},\"children\":[{\"type\":\"map\",\"props\":{\"animation\":\"none\",\"controls\":false,\"dragging\":false,\"height\":\"750\",\"image_svg_color\":\"emphasis\",\"link_style\":\"default\",\"link_text\":\"Read more\",\"margin\":\"default\",\"max_zoom\":18,\"meta_align\":\"below-title\",\"meta_element\":\"div\",\"meta_style\":\"text-meta\",\"min_zoom\":0,\"parallax_end\":\"70vh + 70%\",\"parallax_y\":\"30,0\",\"poi\":false,\"show_content\":true,\"show_image\":true,\"show_link\":true,\"show_meta\":true,\"show_title\":true,\"styler_hue\":\"rgb(255, 255, 255)\",\"styler_lightness\":\"42\",\"title_element\":\"h3\",\"title_hover_style\":\"reset\",\"type\":\"roadmap\",\"zoom\":\"15\",\"zooming\":false},\"children\":[{\"type\":\"map_item\",\"props\":{\"hide\":false,\"location\":\"52.39974462286473,22.018709250305804\",\"show_popup\":false,\"title\":\"W\\u0119gr\\u00f3w, Staszica 4\"}}]}]},{\"type\":\"column\",\"props\":{\"image_position\":\"center-center\",\"position_sticky_breakpoint\":\"m\",\"preserve_color\":false,\"style\":\"tile-secondary\",\"vertical_align\":\"middle\",\"width_large\":\"1-3\"},\"children\":[{\"type\":\"list\",\"props\":{\"animation\":\"parallax\",\"column_breakpoint\":\"m\",\"content_style\":\"heading-small\",\"image_align\":\"left\",\"image_svg_color\":\"emphasis\",\"image_vertical_align\":true,\"list_element\":\"ul\",\"list_horizontal_separator\":\", \",\"list_type\":\"vertical\",\"margin\":\"large\",\"parallax_breakpoint\":\"m\",\"parallax_easing\":\"1\",\"parallax_end\":\"70vh + 70%\",\"parallax_y\":\"30,0\",\"show_image\":true,\"show_link\":true,\"text_align\":\"left\"},\"children\":[{\"type\":\"list_item\",\"props\":{\"content\":\"\n\n<p>Biuro projektowe<\\\/p>\",\"content_de_de\":\"Designb\\u00fcro\",\"content_en_us\":\"Design office\"}},{\"type\":\"list_item\",\"props\":{\"content\":\"\n\n<p>ul. Staszica 4<\\\/p>\"}},{\"type\":\"list_item\",\"props\":{\"content\":\"\n\n<p>07-100 W\\u0119gr\\u00f3w<\\\/p>\"}}]},{\"type\":\"description_list\",\"props\":{\"animation\":\"none\",\"column_breakpoint\":\"m\",\"content_style\":\"text-lead\",\"layout\":\"grid-2\",\"list_element\":\"ul\",\"meta_align\":\"below-content\",\"meta_style\":\"h4\",\"show_content\":true,\"show_link\":true,\"show_meta\":true,\"show_title\":true,\"title_colon\":false,\"title_color\":\"muted\",\"title_element\":\"div\",\"title_grid_column_gap\":\"\",\"title_grid_row_gap\":\"\",\"title_grid_width\":\"small\",\"title_leader\":true,\"title_style\":\"h4\"},\"children\":[{\"type\":\"description_list_item\",\"props\":{\"content\":\"\n\n<p>724 589 344<\\\/p>\",\"link\":\"tel:+5551234678\",\"meta\":\"\",\"title\":\"Telephone\",\"title_de_de\":\"Telefon\",\"title_en_us\":\"Phone\"}},{\"type\":\"description_list_item\",\"props\":{\"content\":\"\",\"link\":\"mailto:meble89@onet.pl\",\"meta\":\"meble89@onet.pl\",\"title\":\"E-Mail\"}}]}]}]}]},{\"name\":\"Team\",\"type\":\"section\",\"props\":{\"image_position\":\"center-center\",\"padding\":\"large\",\"style\":\"default\",\"title_breakpoint\":\"xl\",\"title_position\":\"top-left\",\"title_rotation\":\"left\",\"vertical_align\":\"\",\"width\":\"small\"},\"children\":[{\"type\":\"row\",\"props\":{\"margin\":\"xlarge\"},\"children\":[{\"type\":\"column\",\"props\":{\"image_position\":\"center-center\",\"position_sticky_breakpoint\":\"m\",\"width_medium\":\"1-1\"},\"children\":[{\"type\":\"headline\",\"props\":{\"animation\":\"parallax\",\"content\":\"Nasz zesp\\u00f3\\u0142 projektant\\u00f3w\",\"content_de_de\":\"Unser Designteam\",\"content_en_us\":\"Our team of designers\",\"margin_remove_top\":true,\"parallax_easing\":\"1\",\"parallax_end\":\"70vh + 70%\",\"parallax_opacity\":\"0.3,1\",\"parallax_y\":\"30,0\",\"text_align\":\"center\",\"title_element\":\"h2\",\"title_style\":\"heading-small\"}}]}]},{\"type\":\"row\",\"props\":{\"margin\":\"medium\"},\"children\":[{\"type\":\"column\",\"props\":{\"image_position\":\"center-center\",\"position_sticky_breakpoint\":\"m\",\"width_medium\":\"1-1\"},\"children\":[{\"type\":\"divider\",\"props\":{\"divider_element\":\"hr\"}}]}]},{\"type\":\"row\",\"props\":{\"column_gap\":\"small\",\"layout\":\"2-3,1-3\",\"row_gap\":\"small\"},\"children\":[{\"type\":\"column\",\"props\":{\"image_position\":\"center-center\",\"position_sticky_breakpoint\":\"m\",\"vertical_align\":\"middle\",\"width_small\":\"2-3\"},\"children\":[{\"type\":\"panel\",\"props\":{\"content_column_breakpoint\":\"m\",\"icon_width\":80,\"image\":\"wp-content\\\/uploads\\\/2023\\\/11\\\/logo-lekko-1.png\",\"image_align\":\"left\",\"image_grid_breakpoint\":\"s\",\"image_grid_column_gap\":\"medium\",\"image_grid_row_gap\":\"medium\",\"image_grid_width\":\"auto\",\"image_svg_color\":\"emphasis\",\"image_width\":\"150\",\"link_style\":\"default\",\"link_text\":\"Read more\",\"margin\":\"default\",\"meta\":\"Zesp\\u00f3\\u0142 projektant\\u00f3w\",\"meta_align\":\"above-title\",\"meta_color\":\"primary\",\"meta_de_de\":\"Designteam\",\"meta_element\":\"h3\",\"meta_en_us\":\"Design team\",\"meta_style\":\"h5\",\"text_align\":\"left\",\"text_align_breakpoint\":\"s\",\"text_align_fallback\":\"center\",\"title\":\"lekko\",\"title_align\":\"top\",\"title_de_de\":\"leicht\",\"title_element\":\"div\",\"title_en_us\":\"slightly\",\"title_grid_breakpoint\":\"m\",\"title_grid_width\":\"1-2\",\"title_hover_style\":\"reset\",\"title_margin\":\"remove\",\"title_style\":\"h3\"}}]},{\"type\":\"column\",\"props\":{\"image_position\":\"center-center\",\"position_sticky_breakpoint\":\"m\",\"vertical_align\":\"middle\",\"width_small\":\"1-3\"},\"children\":[{\"type\":\"button\",\"props\":{\"grid_column_gap\":\"small\",\"grid_row_gap\":\"small\",\"margin\":\"default\",\"text_align\":\"right\",\"text_align_breakpoint\":\"s\",\"text_align_fallback\":\"center\"},\"children\":[{\"type\":\"button_item\",\"props\":{\"button_style\":\"text\",\"content\":\"tel: 724 589 344\",\"icon_align\":\"left\",\"link\":\"tel:+48724589344\"}}]}]}]}]}],\"version\":\"4.4.9\"} --><\/p>\n","protected":false},"excerpt":{"rendered":"<p>ZR\u00d3BMY RAZEM CO\u015a 52.39974462286473,22.018709250305804 W\u0119gr\u00f3w, Staszica 4 Biuro projektowe ul. Staszica 4 07-100 W\u0119gr\u00f3w Telephone 724 589 344 E-Mail meble89@onet.pl Nasz zesp\u00f3\u0142 projektant\u00f3w lekko Zesp\u00f3\u0142 projektant\u00f3w tel: 724 589 344<\/p>\n","protected":false},"author":1,"featured_media":0,"parent":0,"menu_order":0,"comment_status":"closed","ping_status":"closed","template":"","meta":{"footnotes":""},"class_list":["post-39","page","type-page","status-publish","hentry"],"_links":{"self":[{"href":"https:\/\/meblemagdrew.pl\/wp-json\/wp\/v2\/pages\/39","targetHints":{"allow":["GET"]}}],"collection":[{"href":"https:\/\/meblemagdrew.pl\/wp-json\/wp\/v2\/pages"}],"about":[{"href":"https:\/\/meblemagdrew.pl\/wp-json\/wp\/v2\/types\/page"}],"author":[{"embeddable":true,"href":"https:\/\/meblemagdrew.pl\/wp-json\/wp\/v2\/users\/1"}],"replies":[{"embeddable":true,"href":"https:\/\/meblemagdrew.pl\/wp-json\/wp\/v2\/comments?post=39"}],"version-history":[{"count":23,"href":"https:\/\/meblemagdrew.pl\/wp-json\/wp\/v2\/pages\/39\/revisions"}],"predecessor-version":[{"id":459,"href":"https:\/\/meblemagdrew.pl\/wp-json\/wp\/v2\/pages\/39\/revisions\/459"}],"wp:attachment":[{"href":"https:\/\/meblemagdrew.pl\/wp-json\/wp\/v2\/media?parent=39"}],"curies":[{"name":"wp","href":"https:\/\/api.w.org\/{rel}","templated":true}]}}