{"id":2,"date":"2023-07-13T08:57:19","date_gmt":"2023-07-13T06:57:19","guid":{"rendered":"https:\/\/meblemagdrew.pl\/?page_id=2"},"modified":"2024-09-27T14:30:19","modified_gmt":"2024-09-27T12:30:19","slug":"start","status":"publish","type":"page","link":"https:\/\/meblemagdrew.pl\/","title":{"rendered":"Start"},"content":{"rendered":"<ul>\n<li>\n<p>        <img decoding=\"async\" src=\"\/wp-content\/uploads\/2023\/07\/Projekt-bez-nazwy-2.jpg\" alt=\"\"><\/p>\n<h2>Kuchnie na wymiar<\/h2>\n<p>Najwy\u017csza jako\u015b\u0107 <\/p>\n<\/li>\n<li>\n<p>        <img decoding=\"async\" src=\"\/wp-content\/uploads\/2023\/07\/Projekt-bez-nazwy-1.jpg\" alt=\"\"><\/p>\n<h2>Szafy do zabudowy<\/h2>\n<p>Pod wymiar<\/p>\n<\/li>\n<li>\n<p>        <img decoding=\"async\" src=\"\/wp-content\/uploads\/2023\/07\/Projekt-bez-nazwy.jpg\" alt=\"\"><\/p>\n<h2>Meble \u0142azienkowe<\/h2>\n<p>Najwy\u017csza jako\u015b\u0107<\/p>\n<\/li>\n<\/ul>\n<h2>Stawiamy na jako\u015b\u0107 i kr\u00f3tki termin realizacji<br class=\"uk-visible@m\" \/>Wykonujemy realizacje indywidualne: kuchni, przedpokoi, wyposa\u017cenia biur, \u0142azienek itp.<\/h2>\n<h3>Nasze realizacje<\/h3>\n<p>\n    <a href=\"#\">Meble pod wymiar<\/a>\n<\/p>\n<ul>\n<li>\n<p>        <img decoding=\"async\" src=\"\/wp-content\/uploads\/home-services-03.jpg\" alt=\"\"><\/p>\n<h4>Kuchnie na wymiar<\/h4>\n<p><a href=\"\/oferta\/\">Wi\u0119cej szczeg\u00f3\u0142\u00f3w<\/a><\/p>\n<\/li>\n<li>\n<p>        <img decoding=\"async\" src=\"\/wp-content\/uploads\/home-services-01.jpg\" alt=\"\"><\/p>\n<h4>Szafy na wymiar<\/h4>\n<p><a href=\"\/oferta\/\">Wi\u0119cej szczeg\u00f3\u0142\u00f3w<\/a><\/p>\n<\/li>\n<\/ul>\n<ul>\n<li>\n<p>        <img decoding=\"async\" src=\"\/wp-content\/uploads\/home-services-05.jpg\" alt=\"\"><\/p>\n<h4>Meble biurowe<\/h4>\n<p><a href=\"#\">Wi\u0119cej szczeg\u00f3\u0142\u00f3w<\/a><\/p>\n<\/li>\n<li>\n<p>        <img decoding=\"async\" src=\"\/wp-content\/uploads\/home-services-02.jpg\" alt=\"\"><\/p>\n<h4>Meble \u0142azienkowe<\/h4>\n<p><a href=\"#\">Wi\u0119cej szczeg\u00f3\u0142\u00f3w<\/a><\/p>\n<\/li>\n<li>\n<p>        <img decoding=\"async\" src=\"\/wp-content\/uploads\/home-services-04.jpg\" alt=\"\"><\/p>\n<h4>Zabudowy poddaszy<\/h4>\n<p><a href=\"#\">Wi\u0119cej szczeg\u00f3\u0142\u00f3w<\/a><\/p>\n<\/li>\n<\/ul>\n<h2>Wykorzystujemy oryginalne materia\u0142y i produkty<\/h2>\n<div>\n<p>Przy produkcji mebli wykorzystujemy produkty najwy\u017cszej jako\u015bci.\u00a0<\/p>\n<\/div>\n<p><img decoding=\"async\" src=\"\/wp-content\/uploads\/home-materials.png\" alt=\"\"><\/p>\n<div>\n<h2>Nasi Partnerzy<\/h2>\n<\/div>\n<ul>\n<li>\n<p>        <img decoding=\"async\" src=\"\/wp-content\/uploads\/2023\/07\/7.png\" alt=\"\"><\/p>\n<h3>7<\/h3>\n<\/li>\n<li>\n<p>        <img decoding=\"async\" src=\"\/wp-content\/uploads\/2023\/07\/6.png\" alt=\"\"><\/p>\n<h3>6<\/h3>\n<\/li>\n<li>\n<p>        <img decoding=\"async\" src=\"\/wp-content\/uploads\/2023\/07\/5.png\" alt=\"\"><\/p>\n<h3>5<\/h3>\n<\/li>\n<li>\n<p>        <img decoding=\"async\" src=\"\/wp-content\/uploads\/2023\/07\/4.png\" alt=\"\"><\/p>\n<h3>4<\/h3>\n<\/li>\n<li>\n<p>        <img decoding=\"async\" src=\"\/wp-content\/uploads\/2023\/07\/3.png\" alt=\"\"><\/p>\n<h3>3<\/h3>\n<\/li>\n<li>\n<p>        <img decoding=\"async\" src=\"\/wp-content\/uploads\/2023\/07\/2.png\" alt=\"\"><\/p>\n<h3>2<\/h3>\n<\/li>\n<li>\n<p>        <img decoding=\"async\" src=\"\/wp-content\/uploads\/2023\/07\/1.png\" alt=\"\"><\/p>\n<h3>1<\/h3>\n<\/li>\n<\/ul>\n<div>\n<\/div>\n<p><img decoding=\"async\" src=\"\/wp-content\/uploads\/cta-icon.svg\" alt=\"\"><\/p>\n<h2>Szukasz czego\u015b indywidualnego?<\/h2>\n<p>\n    <a href=\"#\">Skontaktuj si\u0119 z naszym projektantem<\/a>\n<\/p>\n<p><!--more--><br \/>\n<!-- {\"type\":\"layout\",\"children\":[{\"name\":\"Hero\",\"type\":\"section\",\"props\":{\"image_position\":\"center-center\",\"padding\":\"none\",\"padding_remove_top\":false,\"style\":\"default\",\"title_breakpoint\":\"xl\",\"title_position\":\"top-left\",\"title_rotation\":\"left\",\"vertical_align\":\"\",\"width\":\"\"},\"children\":[{\"type\":\"row\",\"props\":{\"margin_remove_top\":false},\"children\":[{\"type\":\"column\",\"props\":{\"image_position\":\"center-center\",\"position_sticky_breakpoint\":\"m\",\"width_medium\":\"1-1\"},\"children\":[{\"type\":\"slideshow\",\"props\":{\"animation\":\"parallax\",\"container_padding_remove\":false,\"image_loading\":true,\"image_width\":\"2560\",\"link_style\":\"default\",\"link_text\":\"Read more\",\"margin\":\"default\",\"margin_remove_top\":false,\"meta_align\":\"above-title\",\"meta_color\":\"muted\",\"meta_element\":\"div\",\"meta_style\":\"h4\",\"nav\":\"thumbnav\",\"nav_align\":\"center\",\"nav_below\":false,\"nav_breakpoint\":\"\",\"nav_position\":\"bottom-center\",\"nav_position_margin\":\"medium\",\"nav_vertical\":false,\"overlay_animation\":\"parallax\",\"overlay_position\":\"center\",\"parallax_breakpoint\":\"m\",\"parallax_easing\":\"1\",\"parallax_y\":\"0,-50\",\"show_content\":true,\"show_link\":true,\"show_meta\":true,\"show_thumbnail\":true,\"show_title\":true,\"slidenav\":\"bottom-right\",\"slidenav_breakpoint\":\"m\",\"slidenav_hover\":false,\"slidenav_large\":true,\"slidenav_margin\":\"\",\"slidenav_outside_breakpoint\":\"xl\",\"slideshow_animation\":\"pull\",\"slideshow_autoplay\":true,\"slideshow_autoplay_pause\":true,\"slideshow_height\":\"viewport\",\"slideshow_height_offset_top\":true,\"slideshow_height_viewport\":80,\"slideshow_min_height\":\"500\",\"slideshow_velocity\":\"1.5\",\"text_align\":\"center\",\"thumbnav_height\":\"100\",\"thumbnav_nowrap\":true,\"thumbnav_svg_color\":\"emphasis\",\"thumbnav_width\":\"150\",\"title_element\":\"h2\",\"title_margin\":\"remove\",\"title_style\":\"heading-xlarge\"},\"children\":[{\"type\":\"slideshow_item\",\"props\":{\"content\":\"\",\"image\":\"wp-content\\\/uploads\\\/2023\\\/07\\\/Projekt-bez-nazwy-2.jpg\",\"meta\":\"Najwy\\u017csza jako\\u015b\\u0107 \",\"meta_de_de\":\"Top-Qualit\\u00e4t\",\"meta_en_us\":\"Top Quality\",\"text_color\":\"light\",\"title\":\"Kuchnie na wymiar\",\"title_de_de\":\"Ma\\u00dfgeschneiderte K\\u00fcchen\",\"title_en_us\":\"Custom Kitchens\"}},{\"type\":\"slideshow_item\",\"props\":{\"content\":\"\",\"image\":\"wp-content\\\/uploads\\\/2023\\\/07\\\/Projekt-bez-nazwy-1.jpg\",\"meta\":\"Pod wymiar\",\"meta_de_de\":\"Ma\\u00dfgeschneidert\",\"meta_en_us\":\"Custom made\",\"text_color\":\"light\",\"title\":\"Szafy do zabudowy\",\"title_de_de\":\"Einbauschr\\u00e4nke\",\"title_en_us\":\"Built-in wardrobes\"}},{\"type\":\"slideshow_item\",\"props\":{\"content\":\"\",\"image\":\"wp-content\\\/uploads\\\/2023\\\/07\\\/Projekt-bez-nazwy.jpg\",\"meta\":\"Najwy\\u017csza jako\\u015b\\u0107\",\"meta_de_de\":\"Top-Qualit\\u00e4t\",\"meta_en_us\":\"Top quality\",\"text_color\":\"light\",\"title\":\"Meble \\u0142azienkowe\",\"title_de_de\":\"Badezimmerm\\u00f6bel\",\"title_en_us\":\"Bathroom furniture\"}}]}]}]}]},{\"name\":\"About\",\"type\":\"section\",\"props\":{\"animation_delay\":false,\"image_position\":\"center-center\",\"padding\":\"large\",\"padding_remove_top\":false,\"style\":\"default\",\"title_breakpoint\":\"xl\",\"title_position\":\"top-left\",\"title_rotation\":\"left\",\"vertical_align\":\"\",\"width\":\"large\"},\"children\":[{\"type\":\"row\",\"props\":{\"margin\":\"large\"},\"children\":[{\"type\":\"column\",\"props\":{\"image_position\":\"center-center\",\"position_sticky_breakpoint\":\"m\",\"width_medium\":\"1-1\"},\"children\":[{\"type\":\"headline\",\"props\":{\"animation\":\"parallax\",\"content\":\"Stawiamy na jako\\u015b\\u0107 i kr\\u00f3tki termin realizacji<br class=\\\"uk-visible@m\\\" \\\/>Wykonujemy realizacje indywidualne: kuchni, przedpokoi, wyposa\\u017cenia biur, \\u0142azienek itp.\",\"content_de_de\":\"Wir legen Wert auf Qualit\\u00e4t und kurze Lieferzeiten<br \\\/>Wir realisieren individuelle Projekte: K\\u00fcchen, Flure, B\\u00fcroausstattung, Badezimmer usw.\",\"content_en_us\":\"We focus on quality and short lead times<br \\\/>We carry out individual projects: kitchens, hallways, office equipment, bathrooms, etc.\",\"parallax_breakpoint\":\"m\",\"parallax_easing\":\"1\",\"parallax_end\":\"90vh + 90%\",\"parallax_opacity\":\"0.3,1\",\"parallax_y\":\"15,0\",\"text_align\":\"center\",\"title_element\":\"h2\"}}]}]}]},{\"name\":\"Services\",\"type\":\"section\",\"props\":{\"animation_delay\":false,\"image_position\":\"center-center\",\"padding_remove_bottom\":true,\"padding_remove_top\":false,\"style\":\"default\",\"title_breakpoint\":\"xl\",\"title_position\":\"top-left\",\"title_rotation\":\"left\",\"vertical_align\":\"\",\"width\":\"\"},\"children\":[{\"type\":\"row\",\"props\":{\"column_gap\":\"small\",\"layout\":\"1-3,2-3\",\"margin_remove_bottom\":false,\"margin_remove_top\":false,\"match\":false,\"row_gap\":\"small\"},\"children\":[{\"type\":\"column\",\"props\":{\"image_position\":\"center-center\",\"position_sticky_breakpoint\":\"m\",\"vertical_align\":\"middle\",\"width_medium\":\"1-3\"},\"children\":[{\"type\":\"headline\",\"props\":{\"animation\":\"parallax\",\"block_align\":\"center\",\"content\":\"Nasze realizacje\",\"content_de_de\":\"Unsere Projekte\",\"content_en_us\":\"Our projects\",\"maxwidth\":\"large\",\"maxwidth_breakpoint\":\"m\",\"parallax_breakpoint\":\"m\",\"parallax_easing\":\"1\",\"parallax_end\":\"70vh + 70%\",\"parallax_opacity\":\"0.3,1\",\"parallax_y\":\"15,0\",\"text_align\":\"left\",\"text_align_breakpoint\":\"xl\",\"text_align_fallback\":\"center\",\"title_element\":\"h3\",\"title_style\":\"heading-medium\"}},{\"type\":\"button\",\"props\":{\"animation\":\"none\",\"block_align\":\"center\",\"css\":\"@media (max-width: 1460px)  {\\n\\t.el-element { margin-bottom: 70px; }\\n}\",\"grid_column_gap\":\"small\",\"grid_row_gap\":\"small\",\"margin\":\"default\",\"margin_remove_bottom\":false,\"maxwidth\":\"large\",\"parallax_x\":\"100,150\",\"text_align\":\"left\",\"text_align_breakpoint\":\"xl\",\"text_align_fallback\":\"center\"},\"children\":[{\"type\":\"button_item\",\"props\":{\"button_style\":\"text\",\"content\":\"Meble pod wymiar\",\"content_de_de\":\"Ma\\u00dfgeschneiderte M\\u00f6bel\",\"content_en_us\":\"Custom-made furniture\",\"icon_align\":\"left\",\"link\":\"#\"}}]}]},{\"type\":\"column\",\"props\":{\"image_position\":\"center-center\",\"position_sticky_breakpoint\":\"m\",\"width_medium\":\"2-3\"},\"children\":[{\"type\":\"gallery\",\"props\":{\"animation\":\"none\",\"filter_align\":\"left\",\"filter_all\":true,\"filter_grid_breakpoint\":\"m\",\"filter_grid_width\":\"auto\",\"filter_position\":\"top\",\"filter_style\":\"tab\",\"grid_column_gap\":\"small\",\"grid_default\":\"1\",\"grid_medium\":\"\",\"grid_row_gap\":\"small\",\"grid_small\":\"2\",\"image_transition\":\"scale-up\",\"image_width\":\"850\",\"item_animation\":true,\"link_style\":\"link-text\",\"link_text\":\"Wi\\u0119cej szczeg\\u00f3\\u0142\\u00f3w\",\"link_text_en_us\":\"More\",\"margin\":\"\",\"meta_align\":\"below-title\",\"meta_element\":\"div\",\"meta_style\":\"\",\"overlay_hover\":false,\"overlay_link\":true,\"overlay_margin\":\"large\",\"overlay_maxwidth\":\"large\",\"overlay_mode\":\"caption\",\"overlay_padding\":\"large\",\"overlay_position\":\"center\",\"overlay_style\":\"overlay-default\",\"overlay_transition\":\"fade\",\"parallax_easing\":\"1\",\"show_content\":true,\"show_hover_image\":true,\"show_hover_video\":true,\"show_link\":true,\"show_meta\":true,\"show_title\":true,\"text_align\":\"center\",\"text_color\":\"\",\"title_element\":\"h4\",\"title_hover_style\":\"reset\",\"title_style\":\"h2\"},\"children\":[{\"type\":\"gallery_item\",\"props\":{\"content\":\"\",\"image\":\"wp-content\\\/uploads\\\/home-services-03.jpg\",\"link\":\"oferta\\\/\",\"link_aria_label\":\"kuch\",\"link_text_de_de\":\"Weitere Details\",\"link_text_en_us\":\"More details\",\"title\":\"Kuchnie na wymiar\",\"title_de_de\":\"Ma\\u00dfgeschneiderte K\\u00fcchen\",\"title_en_us\":\"Custom-made kitchens\"}},{\"type\":\"gallery_item\",\"props\":{\"content\":\"\",\"image\":\"wp-content\\\/uploads\\\/home-services-01.jpg\",\"link\":\"oferta\\\/\",\"link_de_de\":\"oferta\\\/\",\"link_en_us\":\"oferta\\\/\",\"link_text_de_de\":\"Weitere Details\",\"link_text_en_us\":\"More details\",\"title\":\"Szafy na wymiar\",\"title_de_de\":\"Ma\\u00dfgeschneiderte Kleiderschr\\u00e4nke\",\"title_en_us\":\"Custom-made wardrobes\"}}]}]}]},{\"type\":\"row\",\"props\":{\"column_gap\":\"small\",\"row_gap\":\"small\"},\"children\":[{\"type\":\"column\",\"props\":{\"image_position\":\"center-center\",\"position_sticky_breakpoint\":\"m\",\"width_medium\":\"1-1\"},\"children\":[{\"type\":\"gallery\",\"props\":{\"animation\":\"none\",\"filter_align\":\"left\",\"filter_all\":true,\"filter_grid_breakpoint\":\"m\",\"filter_grid_width\":\"auto\",\"filter_position\":\"top\",\"filter_style\":\"tab\",\"grid_column_gap\":\"small\",\"grid_default\":\"1\",\"grid_medium\":\"3\",\"grid_row_gap\":\"small\",\"grid_small\":\"2\",\"image_transition\":\"scale-up\",\"image_width\":\"850\",\"item_animation\":true,\"link_style\":\"link-text\",\"link_text\":\"Wi\\u0119cej szczeg\\u00f3\\u0142\\u00f3w\",\"margin\":\"\",\"meta_align\":\"below-title\",\"meta_element\":\"div\",\"meta_style\":\"\",\"overlay_hover\":false,\"overlay_link\":true,\"overlay_margin\":\"large\",\"overlay_maxwidth\":\"large\",\"overlay_mode\":\"caption\",\"overlay_padding\":\"large\",\"overlay_position\":\"center\",\"overlay_style\":\"overlay-default\",\"overlay_transition\":\"fade\",\"parallax_easing\":\"1\",\"show_content\":true,\"show_hover_image\":true,\"show_hover_video\":true,\"show_link\":true,\"show_meta\":true,\"show_title\":true,\"text_align\":\"center\",\"text_color\":\"\",\"title_element\":\"h4\",\"title_hover_style\":\"reset\",\"title_style\":\"h2\"},\"children\":[{\"type\":\"gallery_item\",\"props\":{\"content\":\"\",\"image\":\"wp-content\\\/uploads\\\/home-services-05.jpg\",\"link\":\"#\",\"link_text\":\"Wi\\u0119cej szczeg\\u00f3\\u0142\\u00f3w\",\"link_text_de_de\":\"Weitere Details\",\"link_text_en_us\":\"More details\",\"title\":\"Meble biurowe\",\"title_de_de\":\"B\\u00fcrom\\u00f6bel\",\"title_en_us\":\"Office furniture\"}},{\"type\":\"gallery_item\",\"props\":{\"content\":\"\",\"image\":\"wp-content\\\/uploads\\\/home-services-02.jpg\",\"link\":\"#\",\"link_text_de_de\":\"Weitere Details\",\"link_text_en_us\":\"More details\",\"title\":\"Meble \\u0142azienkowe\",\"title_de_de\":\"Badezimmerm\\u00f6bel\",\"title_en_us\":\"Bathroom furniture\"}},{\"type\":\"gallery_item\",\"props\":{\"content\":\"\",\"image\":\"wp-content\\\/uploads\\\/home-services-04.jpg\",\"link\":\"#\",\"link_text_de_de\":\"Weitere Details\",\"link_text_en_us\":\"More details\",\"title\":\"Zabudowy poddaszy\",\"title_de_de\":\"Dachbodenkonstruktionen\",\"title_en_us\":\"Attic developments\"}}]}]}]}]},{\"name\":\"Materials\",\"type\":\"section\",\"props\":{\"image_position\":\"center-center\",\"overlap\":false,\"padding\":\"large\",\"style\":\"default\",\"title_breakpoint\":\"xl\",\"title_position\":\"top-left\",\"title_rotation\":\"left\",\"vertical_align\":\"\",\"width\":\"xlarge\",\"width_expand\":\"right\"},\"children\":[{\"type\":\"row\",\"props\":{\"column_gap\":\"large\",\"divider\":false,\"layout\":\"1-3,2-3\",\"margin\":\"remove-vertical\",\"row_gap\":\"large\"},\"children\":[{\"type\":\"column\",\"props\":{\"image_position\":\"center-center\",\"padding\":\"large\",\"position_sticky_breakpoint\":\"m\",\"width_large\":\"1-3\"},\"children\":[{\"type\":\"headline\",\"props\":{\"animation\":\"parallax\",\"block_align\":\"center\",\"content\":\"Wykorzystujemy oryginalne materia\\u0142y i produkty\",\"content_de_de\":\"Wir verwenden Originalmaterialien und -produkte\",\"content_en_us\":\"We use original materials and products\",\"margin\":\"small\",\"margin_remove_top\":false,\"maxwidth\":\"2xlarge\",\"maxwidth_breakpoint\":\"l\",\"parallax_breakpoint\":\"m\",\"parallax_easing\":\"1\",\"parallax_end\":\"70vh + 70%\",\"parallax_opacity\":\"0.3,1\",\"parallax_y\":\"15,0\",\"text_align\":\"left\",\"text_align_breakpoint\":\"m\",\"text_align_fallback\":\"center\",\"title_element\":\"h2\",\"title_style\":\"heading-small\"}},{\"type\":\"text\",\"props\":{\"animation\":\"none\",\"column_breakpoint\":\"m\",\"content\":\"\n\n<p>Przy produkcji mebli wykorzystujemy produkty najwy\\u017cszej jako\\u015bci.\\u00a0<\\\/p>\",\"content_de_de\":\"\n\n<p>Bei der Herstellung von M\\u00f6beln verwenden wir Produkte h\\u00f6chster Qualit\\u00e4t.<\\\/p>\",\"content_en_us\":\"\n\n<p>We use the highest quality products when producing furniture.<\\\/p>\",\"margin\":\"medium\",\"maxwidth\":\"xlarge\",\"maxwidth_breakpoint\":\"m\",\"text_align\":\"left\",\"text_align_breakpoint\":\"m\",\"text_align_fallback\":\"center\",\"text_color\":\"emphasis\"}}]},{\"type\":\"column\",\"props\":{\"image_position\":\"center-center\",\"position_sticky_breakpoint\":\"m\",\"vertical_align\":\"middle\",\"width_large\":\"2-3\"},\"children\":[{\"type\":\"image\",\"props\":{\"animation\":\"parallax\",\"container_padding_remove\":true,\"image\":\"wp-content\\\/uploads\\\/home-materials.png\",\"image_svg_color\":\"emphasis\",\"image_width\":\"1200\",\"margin\":\"\",\"parallax_breakpoint\":\"m\",\"parallax_easing\":\"1\",\"parallax_y\":\"50,-50\",\"text_align\":\"right\"}}]}]}]},{\"type\":\"section\",\"props\":{\"image_position\":\"center-center\",\"style\":\"default\",\"title_breakpoint\":\"xl\",\"title_position\":\"top-left\",\"title_rotation\":\"left\",\"vertical_align\":\"\",\"width\":\"xlarge\"},\"children\":[{\"type\":\"row\",\"props\":{\"layout\":\"1-4,3-4\"},\"children\":[{\"type\":\"column\",\"props\":{\"image_position\":\"center-center\",\"position_sticky_breakpoint\":\"m\",\"width_medium\":\"1-4\"},\"children\":[{\"type\":\"text\",\"props\":{\"column_breakpoint\":\"m\",\"content\":\"\n\n<h2>Nasi Partnerzy<\\\/h2>\",\"content_de_de\":\"\n\n<h2>Unsere Partner<\\\/h2>\",\"content_en_us\":\"\n\n<h2>Our Partners<\\\/h2>\",\"margin\":\"default\",\"text_style\":\"lead\"}}]},{\"type\":\"column\",\"props\":{\"image_position\":\"center-center\",\"position_sticky_breakpoint\":\"m\",\"width_medium\":\"3-4\"},\"children\":[{\"type\":\"gallery\",\"props\":{\"filter_align\":\"left\",\"filter_all\":true,\"filter_grid_breakpoint\":\"m\",\"filter_grid_width\":\"auto\",\"filter_position\":\"top\",\"filter_style\":\"tab\",\"grid_default\":\"1\",\"grid_medium\":\"auto\",\"image_height\":\"60\",\"item_animation\":true,\"lightbox\":false,\"link_style\":\"default\",\"link_text\":\"Read more\",\"margin\":\"default\",\"meta_align\":\"below-title\",\"meta_element\":\"div\",\"meta_style\":\"text-meta\",\"overlay_hover\":true,\"overlay_mode\":\"cover\",\"overlay_position\":\"center\",\"overlay_style\":\"overlay-primary\",\"overlay_transition\":\"fade\",\"overlay_transition_background\":false,\"show_content\":false,\"show_hover_image\":false,\"show_hover_video\":true,\"show_link\":false,\"show_meta\":false,\"show_title\":false,\"text_align\":\"center\",\"text_color\":\"\",\"title_element\":\"h3\",\"title_hover_style\":\"reset\"},\"children\":[{\"type\":\"gallery_item\",\"props\":{\"image\":\"wp-content\\\/uploads\\\/2023\\\/07\\\/7.png\",\"title\":\"7\"}},{\"type\":\"gallery_item\",\"props\":{\"image\":\"wp-content\\\/uploads\\\/2023\\\/07\\\/6.png\",\"title\":\"6\"}},{\"type\":\"gallery_item\",\"props\":{\"image\":\"wp-content\\\/uploads\\\/2023\\\/07\\\/5.png\",\"title\":\"5\"}},{\"type\":\"gallery_item\",\"props\":{\"image\":\"wp-content\\\/uploads\\\/2023\\\/07\\\/4.png\",\"title\":\"4\"}},{\"type\":\"gallery_item\",\"props\":{\"image\":\"wp-content\\\/uploads\\\/2023\\\/07\\\/3.png\",\"title\":\"3\"}},{\"type\":\"gallery_item\",\"props\":{\"image\":\"wp-content\\\/uploads\\\/2023\\\/07\\\/2.png\",\"title\":\"2\"}},{\"type\":\"gallery_item\",\"props\":{\"image\":\"wp-content\\\/uploads\\\/2023\\\/07\\\/1.png\",\"title\":\"1\"}}]}]}]}]},{\"type\":\"section\",\"props\":{\"image_position\":\"center-center\",\"style\":\"default\",\"title_breakpoint\":\"xl\",\"title_position\":\"top-left\",\"title_rotation\":\"left\",\"vertical_align\":\"\",\"width\":\"default\"},\"children\":[{\"type\":\"row\",\"children\":[{\"type\":\"column\",\"props\":{\"image_position\":\"center-center\",\"position_sticky_breakpoint\":\"m\"},\"children\":[{\"type\":\"grid\",\"props\":{\"content_column_breakpoint\":\"m\",\"filter_align\":\"left\",\"filter_all\":true,\"filter_grid_breakpoint\":\"m\",\"filter_grid_width\":\"auto\",\"filter_position\":\"top\",\"filter_style\":\"tab\",\"grid_default\":\"1\",\"grid_medium\":\"3\",\"icon_width\":80,\"image_align\":\"top\",\"image_grid_breakpoint\":\"m\",\"image_grid_width\":\"1-2\",\"image_svg_color\":\"emphasis\",\"item_animation\":true,\"link_style\":\"default\",\"link_text\":\"Czytaj wi\\u0119cej\",\"margin\":\"default\",\"meta_align\":\"below-title\",\"meta_element\":\"div\",\"meta_style\":\"text-meta\",\"show_content\":true,\"show_image\":true,\"show_link\":true,\"show_meta\":true,\"show_title\":true,\"title_align\":\"top\",\"title_element\":\"h3\",\"title_grid_breakpoint\":\"m\",\"title_grid_width\":\"1-2\",\"title_hover_style\":\"reset\"},\"children\":[{\"type\":\"grid_item\",\"source\":{\"query\":{\"name\":\"posts.customPost\",\"arguments\":{\"terms\":[],\"category_operator\":\"IN\",\"post_tag_operator\":\"IN\",\"users\":[],\"users_operator\":\"IN\",\"offset\":0,\"order\":\"date\",\"order_direction\":\"DESC\"}},\"props\":{\"title\":{\"filters\":{\"search\":\"\"},\"name\":\"title\"},\"image\":{\"filters\":{\"search\":\"\"},\"name\":\"featuredImage.url\"},\"content\":{\"filters\":{\"search\":\"\",\"limit\":150},\"name\":\"excerpt\"},\"link\":{\"filters\":{\"search\":\"\"},\"name\":\"link\"}}}}],\"source\":{\"query\":{\"name\":\"posts.customPost\",\"arguments\":{\"terms\":[],\"category_operator\":\"IN\",\"post_tag_operator\":\"IN\",\"users\":[],\"users_operator\":\"IN\",\"offset\":0,\"order\":\"date\",\"order_direction\":\"DESC\"}}}}]}]}]},{\"name\":\"Call to Action\",\"type\":\"section\",\"props\":{\"image_position\":\"center-center\",\"padding_remove_bottom\":true,\"padding_remove_top\":false,\"style\":\"default\",\"text_color\":\"light\",\"title_breakpoint\":\"xl\",\"title_position\":\"top-left\",\"title_rotation\":\"left\",\"vertical_align\":\"\",\"width\":\"xlarge\"},\"children\":[{\"type\":\"row\",\"children\":[{\"type\":\"column\",\"props\":{\"image\":\"wp-content\\\/uploads\\\/cta-bg.jpg\",\"image_position\":\"center-center\",\"image_size\":\"cover\",\"image_width\":\"1600\",\"padding\":\"large\",\"position_sticky_breakpoint\":\"m\",\"text_color\":\"light\",\"vertical_align\":\"middle\",\"width_medium\":\"1-1\"},\"children\":[{\"type\":\"image\",\"props\":{\"image\":\"wp-content\\\/uploads\\\/cta-icon.svg\",\"image_svg_color\":\"emphasis\",\"image_svg_inline\":true,\"margin\":\"default\",\"text_align\":\"center\"}},{\"type\":\"headline\",\"props\":{\"content\":\"Szukasz czego\\u015b indywidualnego?\",\"content_de_de\":\"Sie suchen etwas Individuelles?\",\"content_en_us\":\"Are you looking for something individual?\",\"margin\":\"default\",\"text_align\":\"center\",\"title_element\":\"h2\",\"title_style\":\"heading-small\"}},{\"type\":\"button\",\"props\":{\"button_size\":\"large\",\"fullwidth\":false,\"grid_column_gap\":\"\",\"grid_row_gap\":\"\",\"margin\":\"large\",\"margin_remove_bottom\":false,\"text_align\":\"center\"},\"children\":[{\"type\":\"button_item\",\"props\":{\"button_style\":\"default\",\"content\":\"Skontaktuj si\\u0119 z naszym projektantem\",\"content_de_de\":\"Kontaktieren Sie unseren Designer\",\"content_en_us\":\"Contact our designer\",\"icon_align\":\"left\",\"link\":\"#\"}}]}]}]}]}],\"version\":\"4.4.9\"} --><\/p>\n","protected":false},"excerpt":{"rendered":"<p>Ma\u00dfgeschneiderte K\u00fcchen Top-Qualit\u00e4t Einbauschr\u00e4nke Ma\u00dfgeschneidert Badezimmerm\u00f6bel Top-Qualit\u00e4t Wir legen Wert auf Qualit\u00e4t und kurze LieferzeitenWir realisieren individuelle Projekte: K\u00fcchen, Flure, B\u00fcroausstattung, Badezimmer usw. Unsere Projekte Ma\u00dfgeschneiderte M\u00f6bel Ma\u00dfgeschneiderte K\u00fcchen Weitere Details Ma\u00dfgeschneiderte Kleiderschr\u00e4nke Weitere Details B\u00fcrom\u00f6bel Weitere Details Badezimmerm\u00f6bel Weitere Details Dachbodenkonstruktionen Weitere Details Wir verwenden Originalmaterialien und -produkte Bei der Herstellung von M\u00f6beln verwenden [&hellip;]<\/p>\n","protected":false},"author":1,"featured_media":0,"parent":0,"menu_order":0,"comment_status":"closed","ping_status":"closed","template":"","meta":{"footnotes":""},"class_list":["post-2","page","type-page","status-publish","hentry"],"_links":{"self":[{"href":"https:\/\/meblemagdrew.pl\/wp-json\/wp\/v2\/pages\/2","targetHints":{"allow":["GET"]}}],"collection":[{"href":"https:\/\/meblemagdrew.pl\/wp-json\/wp\/v2\/pages"}],"about":[{"href":"https:\/\/meblemagdrew.pl\/wp-json\/wp\/v2\/types\/page"}],"author":[{"embeddable":true,"href":"https:\/\/meblemagdrew.pl\/wp-json\/wp\/v2\/users\/1"}],"replies":[{"embeddable":true,"href":"https:\/\/meblemagdrew.pl\/wp-json\/wp\/v2\/comments?post=2"}],"version-history":[{"count":90,"href":"https:\/\/meblemagdrew.pl\/wp-json\/wp\/v2\/pages\/2\/revisions"}],"predecessor-version":[{"id":569,"href":"https:\/\/meblemagdrew.pl\/wp-json\/wp\/v2\/pages\/2\/revisions\/569"}],"wp:attachment":[{"href":"https:\/\/meblemagdrew.pl\/wp-json\/wp\/v2\/media?parent=2"}],"curies":[{"name":"wp","href":"https:\/\/api.w.org\/{rel}","templated":true}]}}